{"id":121,"date":"2008-09-19T18:33:50","date_gmt":"2008-09-19T16:33:50","guid":{"rendered":"http:\/\/www.azeroth.fr\/blog\/?page_id=121"},"modified":"2010-04-26T22:45:43","modified_gmt":"2010-04-26T21:45:43","slug":"podcast-mode-demploi","status":"publish","type":"page","link":"http:\/\/frenchspin.com\/afr\/grblrbll-faq-et-infos\/podcast-mode-demploi\/","title":{"rendered":"Podcast, mode d&#8217;emploi"},"content":{"rendered":"<p style=\"font-size: 13px; text-align: left;\"><span style=\"color: #ffcc99;\">Le podcast, c&rsquo;est le moyen de recevoir automatiquement les \u00e9missions que vous voulez. Beaucoup t\u00e9l\u00e9chargent encore l&rsquo;\u00e9mission depuis le site et se demandent quand arrivera le prochain \u00e9pisode&#8230; alors qu&rsquo;il y a tellement plus simple et plus efficace !<\/span><\/p>\n<p style=\"text-align: center;\"><img loading=\"lazy\" decoding=\"async\" class=\"aligncenter size-full wp-image-161\" src=\"http:\/\/www.frenchspin.com\/afr\/blog\/wp-content\/themes\/azeroth\/images\/ligne.gif\" alt=\"\" width=\"524\" height=\"27\" \/><\/p>\n<ul>\n<li><span style=\"color: #ff6600;\"><strong><span class=\"rouge\">Explication <\/span>express en 3 \u00e9tapes <\/strong><\/span><\/li>\n<\/ul>\n<p><span style=\"color: #ff6600;\"><strong>1. <\/strong><\/span>D&rsquo;abord, <a href=\"http:\/\/www.apple.fr\/itunes\/download\/\" target=\"_blank\">t\u00e9l\u00e9chargez et installez iTunes<\/a>. M\u00eame sans iPod, y&rsquo;a pas plus simple!<br \/>\n<span style=\"color: #ff6600;\"><strong><span>2.<\/span> <\/strong><\/span>Ensuite, <a href=\"http:\/\/phobos.apple.com\/WebObjects\/MZStore.woa\/wa\/viewPodcast?id=189895419\" target=\"_blank\">cliquez ici<\/a> pour aller sur la page iTunes d&rsquo;Azeroth.fr.<br \/>\n<span style=\"color: #ff6600;\"><strong>3. <\/strong><\/span>Enfin, cliquez sur le bouton \u00ab\u00a0<strong>s&rsquo;abonner<\/strong>\u00a0\u00bb sur la page iTunesEt voila! Maintenant, les nouveaux \u00e9pisodes arrivent tout seuls dans <strong>la section \u00ab\u00a0podcast\u00a0\u00bb<\/strong> d\u00e8s qu&rsquo;ils sont publi\u00e9s. Plus besoin de v\u00e9rifier les sites ou les forums, c&rsquo;est automatique!<\/p>\n<p><span style=\"color: #ff6600;\"><strong>4. <\/strong><\/span>Pour \u00e9couter les podcasts en vous balladant :<br \/>\n&#8211; Avec un iPod, c&rsquo;est tr\u00e8s simple, tout se passe comme pour de la musique.<br \/>\n&#8211; Avec <strong>un lecteur MP3 classique, c&rsquo;est tr\u00e8s simple aussi !<\/strong> Transf\u00e9rez manuellement les \u00e9pisodes de votre disque dur \u00e0 votre lecteur MP3. Tout est dans le r\u00e9pertoire:<br \/>\n<span style=\"color: #ffcc99;\">\\Mes documents\\Ma musique\\iTunes\\iTunes Music\\Podcasts\\Azeroth.fr\\ <\/span><\/p>\n<p style=\"text-align: center;\"><img loading=\"lazy\" decoding=\"async\" class=\"aligncenter size-full wp-image-161\" src=\"http:\/\/www.frenchspin.com\/afr\/blog\/wp-content\/themes\/azeroth\/images\/ligne.gif\" alt=\"\" width=\"524\" height=\"27\" \/><\/p>\n<ul>\n<li><span style=\"color: #ff6600;\"><strong>Explication d\u00e9taill\u00e9e<\/strong><\/span><\/li>\n<\/ul>\n<p style=\"padding-left: 30px;\"><span style=\"color: #ffcc99;\"><strong><span class=\"orange\">Avant tout, expliquez moi ce qu&rsquo;est un podcast.<\/span><\/strong><\/span><\/p>\n<p>Le terme podcast r\u00e9unit un ensemble de technologies qui vous permet de <em>recevoir automatiquement<\/em> des \u00e9missions audio par internet. C&rsquo;est un peu la radio \u00e0 la demande, sans attente et sans tracas: avec les podcasts, c&rsquo;est <em>vous <\/em>qui choisissez ce que vous voulez \u00e9couter.<br \/>\nMais certains d&rsquo;entre vous me diront : un fichier audio sur internet, ca n&rsquo;a rien de bien nouveau&#8230; Et ca n&rsquo;est pas faux : de la m\u00e8me mani\u00e8re que <em>le blog<\/em> est un terme nouveau pour d\u00e9signer des pages web simples qui sont vieille comme le monde, <span class=\"rouge\">podcast<\/span> est un terme nouveau pour d\u00e9signer une <em>utilisation innovante<\/em> de technologies anciennes.<br \/>\nMP3, AAC, RSS, XML&#8230; Autant d&rsquo;accronymes barbares qu&rsquo;il n&rsquo;est pas indispensable de connaitre pour profiter des podcasts.<\/p>\n<p style=\"padding-left: 30px;\"><span style=\"color: #ffcc99;\"><strong>Hmmm int\u00e9ressant. Et donc, pour les utiliser, \u00e7a se passe comment ?<\/strong><\/span><\/p>\n<p>Il existe plusieurs logiciels qui vous permettent de g\u00e9rer et recevoir automatiquement les podcasts. Comme vous l&rsquo;avez vu, celui que nous recommandons est iTunes. Non, nous n&rsquo;avons pas d&rsquo;actions chez Apple, et nous n&rsquo;avons m\u00eame pas de Mac! Mais ce logiciel est sans doute le plus facile \u00e0 utiliser&#8230; De plus, le magasin en ligne iTunes inclus un r\u00e9pertoire de podcasts assez large, et gratuits, comme tous les podcasts!<br \/>\nAlors voila comment ca marche, un peu plus en d\u00e9tails :<br \/>\n<span style=\"color: #ff6600;\"><strong><span>1. <\/span><\/strong><\/span>Si vous ne l&rsquo;avez pas d\u00e9j\u00e0, <a href=\"http:\/\/www.apple.fr\/itunes\/download\/\" target=\"_blank\">t\u00e9lechargez iTunes sur le site d&rsquo;Apple<\/a>.<br \/>\n<span style=\"color: #ff6600;\"><strong><span>2. <\/span><\/strong><\/span>Ensuite, deux solutions : <a href=\"http:\/\/phobos.apple.com\/WebObjects\/MZStore.woa\/wa\/viewPodcast?id=189895419\" target=\"_blank\">cliquez ici<\/a> pour aller sur la page d&rsquo;Azeroth.fr dans le r\u00e9pertoire iTunes, ou rendez-vous sur le iTunes Store et lancer une recherche sur <span class=\"rouge\">Azeroth<\/span>.<br \/>\n<span style=\"color: #ff6600;\"><strong><span>3.<\/span> <\/strong><\/span>Une fois sur la page d&rsquo;Azeroth.fr, cliquez sur le bouton \u00ab\u00a0s&rsquo;abonner\u00a0\u00bb, et les nouveaux \u00e9pisodes arrivent automatiquement dans la section \u00ab\u00a0Podcast\u00a0\u00bb de votre biblioth\u00e8que.<br \/>\nVous pouvez aussi vous ballader dans le r\u00e9pertoire \u00ab\u00a0Podcasts\u00a0\u00bb du magasin iTunes. Azeroth est dans la sections \u00ab\u00a0jeux et hobbies\u00a0\u00bb, mais y trouverez peut-etre aussi d&rsquo;autres choses int\u00e9ressantes!<\/p>\n<p style=\"padding-left: 30px;\"><strong><span style=\"color: #ffcc99;\">Oui oui, tout \u00e7a c&rsquo;est bien beau, mais moi je n&rsquo;aime vraiment pas iTunes.<\/span><\/strong><\/p>\n<p>Pas de panique ! Il y a d&rsquo;autres solutions pour g\u00e9rer vos podcasts favoris.<\/p>\n<p><strong>Winamp<\/strong><br \/>\n1. Winamp est un lecteur MP3 tr\u00e8s populaire.<a href=\"http:\/\/www.winamp.com\/player\/free.php\" target=\"_blank\"> Il est disponible ici<\/a>.<br \/>\n2. Pour inclure Azeroth.fr \u00e0 votre r\u00e9pertoire, allez dans la Media Library. Dans la partie \u00ab\u00a0SHOUTcast Wire\u00a0\u00bb, s\u00e9lectionnez la section \u00ab\u00a0<strong>Subscribtions<\/strong>\u00ab\u00a0.<br \/>\n3. Cliquez sur <strong>Add<\/strong> pour ajouter le canal de notre podcast (appel\u00e9 \u00ab\u00a0RSS feed\u00a0\u00bb, ou \u00ab\u00a0flux RSS\u00a0\u00bb), et copiez-y l&rsquo;adresse suivante: http:\/\/www.azeroth.fr\/azerothrss.xml .<br \/>\n<span class=\"orange\">4.<\/span> Un double clic sur l&rsquo;\u00e9pisode et le tour est jou\u00e9. Winamp reconnaitra votre lecteur MP3 et vous pourrez les y transf\u00e9rer facilement.<\/p>\n<p><strong>iPodder<\/strong><br \/>\n1. Exclusivement d\u00e9di\u00e9 \u00e0 la r\u00e9ception de podcasts, <a href=\"http:\/\/sourceforge.net\/project\/showfiles.php?group_id=118306\" target=\"_blank\">il est disponible ici<\/a>.<br \/>\n2. Pour inclure Azeroth.fr \u00e0 votre r\u00e9pertoire, cliquez sur le bouton <strong>Add New Feed<\/strong>, et copiez cette adresse dans le champs \u00ab\u00a0URL\u00a0\u00bb : http:\/\/www.azeroth.fr\/azerothrss.xml .<br \/>\n3. Le logiciel v\u00e9rifiera la disponibilit\u00e9 de nouveaux \u00e9pisode \u00e0 chaque lancement. Vous pouvez aussi le faire manuellement en cliquant sur le bouton vert \u00ab\u00a0<strong>Check for New Podcasts<\/strong>\u00ab\u00a0.<br \/>\n<span class=\"orange\">4.<\/span> Les \u00e9pisodes t\u00e9l\u00e9charg\u00e9s seront stock\u00e9s dans le r\u00e9pertoire \u00ab\u00a0\\Application Data\\iPodder\\downloads\u00a0\u00bb. Vous pouvez le modifier dans les pr\u00e9f\u00e9rences du programme.<\/p>\n<p style=\"padding-left: 30px;\"><span style=\"color: #ffcc99;\"><strong>Rien de tout \u00e7a ne me plait !<\/strong><\/span><\/p>\n<p>Et en dernier recours, vous pouvez toujours t\u00e9l\u00e9charger chaque \u00e9pisodes directement ou les \u00e9couter depuis la page web. Mais ca n&rsquo;est pas la m\u00e9thode que nous recommandons, parce que vous perdez l&rsquo;aspect automatique qui fait tout l&rsquo;inter\u00eat du podcast&#8230; M\u00eame si vous \u00eates refractaire au d\u00e9but, essayez l&rsquo;un de ces autres logiciels au moins une fois, nous parions que vous en serez satisfait !<\/p>\n<p><em>Note sur Windows Media Player :<br \/>\nWindows Media Player n&rsquo;inclus malheureusement pas de module de podcast, et il n&rsquo;existe \u00e0 ce jour pas de moyen simple d&rsquo;utiliser ce logiciel pour r\u00e9cup\u00e9rer vos \u00e9missions&#8230;<\/em><\/p>\n<p style=\"text-align: center;\"><img loading=\"lazy\" decoding=\"async\" class=\"aligncenter size-full wp-image-161\" src=\"http:\/\/www.frenchspin.com\/afr\/blog\/wp-content\/themes\/azeroth\/images\/ligne.gif\" alt=\"\" width=\"524\" height=\"27\" \/><\/p>\n<p>Voila pour notre petit guide du podcast facile; si vous avez des id\u00e9es ou des suggestions, n&rsquo;h\u00e9sitez pas \u00e0 nous en faire part. Et si vous avez des questions, venez donc les poser sur <a href=\"http:\/\/www.frenchspin.com\/forumfr\/index.php\">nos forums<\/a>. Notre communaut\u00e9 sympathique se fera un plaisir de vous aider \u00e0 les r\u00e9soudre (et ne manquera pas de se moquer\u00a0gentillement de vous au passage ! \ud83d\ude42<\/p>\n","protected":false},"excerpt":{"rendered":"<p>Le podcast, c&rsquo;est le moyen de recevoir automatiquement les \u00e9missions que vous voulez. Beaucoup t\u00e9l\u00e9chargent encore l&rsquo;\u00e9mission depuis le site et se demandent quand arrivera le prochain \u00e9pisode&#8230; alors qu&rsquo;il y a tellement plus simple et plus efficace ! Explication express en 3 \u00e9tapes 1. D&rsquo;abord, t\u00e9l\u00e9chargez et installez iTunes. M\u00eame sans iPod, y&rsquo;a pas [&hellip;]<\/p>\n","protected":false},"author":1,"featured_media":0,"parent":145,"menu_order":5,"comment_status":"open","ping_status":"open","template":"","meta":{"footnotes":""},"aioseo_notices":[],"_links":{"self":[{"href":"http:\/\/frenchspin.com\/afr\/wp-json\/wp\/v2\/pages\/121"}],"collection":[{"href":"http:\/\/frenchspin.com\/afr\/wp-json\/wp\/v2\/pages"}],"about":[{"href":"http:\/\/frenchspin.com\/afr\/wp-json\/wp\/v2\/types\/page"}],"author":[{"embeddable":true,"href":"http:\/\/frenchspin.com\/afr\/wp-json\/wp\/v2\/users\/1"}],"replies":[{"embeddable":true,"href":"http:\/\/frenchspin.com\/afr\/wp-json\/wp\/v2\/comments?post=121"}],"version-history":[{"count":0,"href":"http:\/\/frenchspin.com\/afr\/wp-json\/wp\/v2\/pages\/121\/revisions"}],"up":[{"embeddable":true,"href":"http:\/\/frenchspin.com\/afr\/wp-json\/wp\/v2\/pages\/145"}],"wp:attachment":[{"href":"http:\/\/frenchspin.com\/afr\/wp-json\/wp\/v2\/media?parent=121"}],"curies":[{"name":"wp","href":"https:\/\/api.w.org\/{rel}","templated":true}]}}