{"id":1246,"date":"2009-05-11T03:42:04","date_gmt":"2009-05-11T01:42:04","guid":{"rendered":"http:\/\/frenchspin.com\/afr\/?page_id=1246"},"modified":"2010-01-21T18:47:21","modified_gmt":"2010-01-21T17:47:21","slug":"merci-encore","status":"publish","type":"page","link":"http:\/\/frenchspin.com\/afr\/laisser-un-pourboire\/merci-encore\/","title":{"rendered":"Merci encore !"},"content":{"rendered":"<div>\n<p style=\"text-align: center;\"><img loading=\"lazy\" decoding=\"async\" class=\"aligncenter size-full wp-image-161\" src=\"http:\/\/www.frenchspin.com\/afr\/blog\/wp-content\/themes\/azeroth\/images\/ligne.gif\" alt=\"\" width=\"524\" height=\"27\" \/><\/p>\n<h2 style=\"text-align: center;\"><span style=\"color: #339966;\">L&rsquo;op\u00e9ration a \u00e9t\u00e9 valid\u00e9e<\/span><\/h2>\n<p style=\"text-align: center;\"><img loading=\"lazy\" decoding=\"async\" class=\"aligncenter size-full wp-image-161\" src=\"http:\/\/www.frenchspin.com\/afr\/blog\/wp-content\/themes\/azeroth\/images\/ligne.gif\" alt=\"\" width=\"524\" height=\"27\" \/><\/p>\n<p style=\"text-align: center;\">Merci encore de votre g\u00e9n\u00e9rosit\u00e9 !<\/p>\n<\/div>\n","protected":false},"excerpt":{"rendered":"<p>L&rsquo;op\u00e9ration a \u00e9t\u00e9 valid\u00e9e Merci encore de votre g\u00e9n\u00e9rosit\u00e9 !<\/p>\n","protected":false},"author":1,"featured_media":0,"parent":167,"menu_order":0,"comment_status":"open","ping_status":"open","template":"","meta":{"footnotes":""},"aioseo_notices":[],"_links":{"self":[{"href":"http:\/\/frenchspin.com\/afr\/wp-json\/wp\/v2\/pages\/1246"}],"collection":[{"href":"http:\/\/frenchspin.com\/afr\/wp-json\/wp\/v2\/pages"}],"about":[{"href":"http:\/\/frenchspin.com\/afr\/wp-json\/wp\/v2\/types\/page"}],"author":[{"embeddable":true,"href":"http:\/\/frenchspin.com\/afr\/wp-json\/wp\/v2\/users\/1"}],"replies":[{"embeddable":true,"href":"http:\/\/frenchspin.com\/afr\/wp-json\/wp\/v2\/comments?post=1246"}],"version-history":[{"count":0,"href":"http:\/\/frenchspin.com\/afr\/wp-json\/wp\/v2\/pages\/1246\/revisions"}],"up":[{"embeddable":true,"href":"http:\/\/frenchspin.com\/afr\/wp-json\/wp\/v2\/pages\/167"}],"wp:attachment":[{"href":"http:\/\/frenchspin.com\/afr\/wp-json\/wp\/v2\/media?parent=1246"}],"curies":[{"name":"wp","href":"https:\/\/api.w.org\/{rel}","templated":true}]}}