{"id":167,"date":"2008-09-20T19:49:56","date_gmt":"2008-09-20T17:49:56","guid":{"rendered":"http:\/\/www.azeroth.fr\/blog\/?page_id=167"},"modified":"2010-01-21T18:46:05","modified_gmt":"2010-01-21T17:46:05","slug":"laisser-un-pourboire","status":"publish","type":"page","link":"http:\/\/frenchspin.com\/afr\/laisser-un-pourboire\/","title":{"rendered":"Nous laisser un pourboire"},"content":{"rendered":"<p style=\"font-size: 13px; text-align: left;\"><span style=\"color: #ffcc99;\">Azeroth.fr reste bien s\u00fbr totalement gratuit, mais si vous voulez nous soutenir c&rsquo;est d\u00e9sormais possible, avec ces trois options. Merci de votre contribution !<\/span><\/p>\n<form action=\"https:\/\/www.paypal.com\/cgi-bin\/webscr\" method=\"post\"> <input name=\"cmd\" type=\"hidden\" value=\"_s-xclick\" \/> <input name=\"hosted_button_id\" type=\"hidden\" value=\"196339\" \/> <input name=\"submit\" src=\"http:\/\/www.azeroth.fr\/imgblog\/sponsor2.jpg\" type=\"image\" \/> <img loading=\"lazy\" decoding=\"async\" src=\"https:\/\/www.paypal.com\/fr_FR\/i\/scr\/pixel.gif\" border=\"0\" alt=\"\" width=\"1\" height=\"1\" \/><br \/>\n<\/form>\n<form action=\"https:\/\/www.paypal.com\/cgi-bin\/webscr\" method=\"post\"> <input name=\"cmd\" type=\"hidden\" value=\"_s-xclick\" \/> <input name=\"hosted_button_id\" type=\"hidden\" value=\"196352\" \/> <input name=\"submit\" src=\"http:\/\/www.azeroth.fr\/imgblog\/sponsor5.jpg\" type=\"image\" \/> <img loading=\"lazy\" decoding=\"async\" src=\"https:\/\/www.paypal.com\/fr_FR\/i\/scr\/pixel.gif\" border=\"0\" alt=\"\" width=\"1\" height=\"1\" \/><br \/>\n<\/form>\n<form action=\"https:\/\/www.paypal.com\/cgi-bin\/webscr\" method=\"post\"> <input name=\"cmd\" type=\"hidden\" value=\"_s-xclick\" \/> <input name=\"hosted_button_id\" type=\"hidden\" value=\"196164\" \/> <input name=\"submit\" src=\"http:\/\/www.azeroth.fr\/imgblog\/don.jpg\" type=\"image\" \/> <img loading=\"lazy\" decoding=\"async\" src=\"https:\/\/www.paypal.com\/fr_FR\/i\/scr\/pixel.gif\" border=\"0\" alt=\"\" width=\"1\" height=\"1\" \/><br \/>\n<\/form>\n<p style=\"text-align: center;\"><img loading=\"lazy\" decoding=\"async\" class=\"aligncenter size-full wp-image-161\" src=\"http:\/\/www.frenchspin.com\/afr\/blog\/wp-content\/themes\/azeroth\/images\/ligne.gif\" alt=\"\" width=\"524\" height=\"27\" \/><\/p>\n<p><span style=\"color: #ff0000;\"><strong><span class=\"rouge\">Et si vous voulez un peu plus de d\u00e9tails&#8230;<\/span><\/strong><\/span><\/p>\n<ul>\n<li><span style=\"color: #ffcc99;\"><span class=\"orange\">Question 1 &#8211; <\/span>Quelles sont les diff\u00e9rentes options ?<\/span><\/li>\n<\/ul>\n<p>Alors, pour rentrer dans le d\u00e9tail :<br \/>\nAvec les deux premi\u00e8res options, vous donnez une somme fixe automatiquement chaque mois. Cette somme sera directement d\u00e9bit\u00e9e du compte que vous avez utilis\u00e9 pour souscrire. Un compte paypal est d&rsquo;ailleurs n\u00e9cessaire pour cette option et si vous souhaitez annuler votre abonnement, \u00e7a se fera directement depuis celui-ci.<br \/>\nAvec la troisi\u00e8me option, vous donnez une fois une somme que vous d\u00e9terminez (sans r\u00e9currence). Vous pouvez payer avec un compte paypal ou directement par <strong>carte bleue<\/strong>.<br \/>\nVoila, c&rsquo;est tout! Cliquez sur le bouton qui correspond et suivez les instructions.<\/p>\n<p style=\"text-align: center;\"><img loading=\"lazy\" decoding=\"async\" class=\"aligncenter size-full wp-image-161\" src=\"http:\/\/www.frenchspin.com\/afr\/blog\/wp-content\/themes\/azeroth\/images\/ligne.gif\" alt=\"\" width=\"524\" height=\"27\" \/><\/p>\n<ul>\n<li><span style=\"color: #ffcc99;\"><span class=\"orange\">Question 2 &#8211; <\/span>Ca fonctionne comment ?<\/span><\/li>\n<\/ul>\n<p>Nous utilisons <a href=\"http:\/\/www.paypal.com\/\" target=\"_blank\">paypal<\/a>, la m\u00e9thode de payement la plus r\u00e9pandue sur le net. C&rsquo;est un syst\u00e8me s\u00e9curis\u00e9 qui associe une adresse email vous appartenant \u00e0 un compte sp\u00e9cifique chez eux. Ils jouent les interm\u00e9diaires, comme si vous achetiez quelque chose dans une boutique en ligne. C&rsquo;est simple et rapide, il n&rsquo;y a pas d&rsquo;entourloupe.<br \/>\nCeci dit, Paypal reste la seule entit\u00e9 capable de contr\u00f4ler les payements, donc si vous avez un doute ou une crainte ne vous lancez carr\u00e9ment pas : nous ne pourrons pas r\u00e9pondre \u00e0 vos questions sur le d\u00e9tails des op\u00e9rations financi\u00e8res&#8230;<\/p>\n<p style=\"text-align: center;\"><img loading=\"lazy\" decoding=\"async\" class=\"aligncenter size-full wp-image-161\" src=\"http:\/\/www.frenchspin.com\/afr\/blog\/wp-content\/themes\/azeroth\/images\/ligne.gif\" alt=\"\" width=\"524\" height=\"27\" \/><\/p>\n<ul>\n<li><span style=\"color: #ffcc99;\"><span class=\"orange\">Question 3 &#8211;<\/span> A l&rsquo;aide, je n&rsquo;ai ni carte bleue ni compte paypal !<\/span><\/li>\n<\/ul>\n<p>Euh, c&rsquo;est pas une question \u00e7a. Mais \u00e0 priori \u00e7a veut dire que vous n&rsquo;avez pas encore 18 ans&#8230; ce qui veut dire que nous ne pouvons malheureusement pas accepter votre donation. La d\u00e9cision de donner de l&rsquo;argent \u00e0 des animateurs du net pourrait etre impulsive, et nous ne voulons pas que vous la preniez sous le coup d&rsquo;un enthousiasme passager. Si vous tenez \u00e0 nous soutenir, peut-\u00eatre voudrez-vous parler de votre d\u00e9marche \u00e0 un adulte (vos parents, au hasard), et s&rsquo;ils estiment que \u00e7a en vaut la peine, nous serons heureux de recevoir leurs dons en votre nom.<\/p>\n<p style=\"text-align: center;\"><img loading=\"lazy\" decoding=\"async\" class=\"aligncenter size-full wp-image-161\" src=\"http:\/\/www.frenchspin.com\/afr\/blog\/wp-content\/themes\/azeroth\/images\/ligne.gif\" alt=\"\" width=\"524\" height=\"27\" \/><\/p>\n<ul>\n<li><span style=\"color: #ffcc99;\"><span class=\"orange\">Question 4 &#8211; <\/span>Dites, \u00e7a apporte des trucs en plus de donner des sous ?<\/span><\/li>\n<\/ul>\n<p>Tout \u00e0 fait : la satisfaction d&rsquo;avoir soutenu votre \u00e9mission pr\u00e9f\u00e9r\u00e9e ! \ud83d\ude42<br \/>\nPlus s\u00e9rieusement, nous avons pens\u00e9 \u00e0 des moyens d&rsquo;offrir des bonus particuliers \u00e0 ceux qui nous soutiennent mais nous n&rsquo;avons pas trouv\u00e9 de solution totalement satisfaisante pour le moment. Il n&rsquo;y a donc rien de pr\u00e9vu dans ce domaine dans l&rsquo;imm\u00e9diat.<br \/>\nNB: Une chose tout de m\u00eame: nous aimons bien remercier nos sponsors, donc n&rsquo;h\u00e9sitez pas \u00e0 nous donner votre nom dans le commentaire du payement de la page paypal pour que nous parlions de vous \u00e0 l&rsquo;antenne ! Le cas \u00e9cheant, vous pourrez aussi nous envoyer un email avec \u00ab\u00a0pourboire\u00a0\u00bb dans le sujet. Attention, nous v\u00e9rifierons votre identit\u00e9.<\/p>\n<p><span style=\"text-decoration: underline;\">Note de la nouvelle \u00e9quipe :<\/span> nous avons d\u00e9cid\u00e9 de ne plus remercier les donateurs pour le moment. En effet, nous ne souhaitons pas encourager les gens \u00e0 nous donner des pourboires tant que nous ne nous consid\u00e9rons pas comme digne d&rsquo;en m\u00e9riter \ud83d\ude09 Le syst\u00e8me reste en place, et nous sommes \u00e9videmment reconnaissants envers ceux qui nous donneraient quand m\u00eame des pourboires, mais nous ne vous citerons pas dans le podcast, vous \u00eates pr\u00e9venus.<\/p>\n<p style=\"text-align: center;\"><img loading=\"lazy\" decoding=\"async\" class=\"aligncenter size-full wp-image-161\" src=\"http:\/\/www.frenchspin.com\/afr\/blog\/wp-content\/themes\/azeroth\/images\/ligne.gif\" alt=\"\" width=\"524\" height=\"27\" \/><\/p>\n<ul>\n<li><span style=\"color: #ffcc99;\"><span class=\"orange\">Et enfin, <\/span>ce qu&rsquo;il faut dire tout de m\u00eame&#8230;<\/span><\/li>\n<\/ul>\n<p>Azeroth.fr reste ind\u00e9pendant. Nous sommes infiniment reconnaissants de vos donations, mais souvenez-vous que \u00e7a ne vous donne pas de contr\u00f4le sur l&rsquo;\u00e9mission. Nous la produisons avec amour tous les mois, mais il y a toujours des d\u00e9fauts ici ou l\u00e0. Nous \u00e9coutons les critiques et les suggestions de tous nos auditeurs avec attention, mais notre int\u00e9grit\u00e9 nous contraint \u00e0 ne pas donner plus d&rsquo;importance \u00e0 nos sponsors&#8230; Merci de votre compr\u00e9hension !<\/p>\n","protected":false},"excerpt":{"rendered":"<p>Azeroth.fr reste bien s\u00fbr totalement gratuit, mais si vous voulez nous soutenir c&rsquo;est d\u00e9sormais possible, avec ces trois options. Merci de votre contribution ! Et si vous voulez un peu plus de d\u00e9tails&#8230; Question 1 &#8211; Quelles sont les diff\u00e9rentes options ? Alors, pour rentrer dans le d\u00e9tail : Avec les deux premi\u00e8res options, vous [&hellip;]<\/p>\n","protected":false},"author":1,"featured_media":0,"parent":0,"menu_order":8,"comment_status":"open","ping_status":"open","template":"","meta":{"footnotes":""},"aioseo_notices":[],"_links":{"self":[{"href":"http:\/\/frenchspin.com\/afr\/wp-json\/wp\/v2\/pages\/167"}],"collection":[{"href":"http:\/\/frenchspin.com\/afr\/wp-json\/wp\/v2\/pages"}],"about":[{"href":"http:\/\/frenchspin.com\/afr\/wp-json\/wp\/v2\/types\/page"}],"author":[{"embeddable":true,"href":"http:\/\/frenchspin.com\/afr\/wp-json\/wp\/v2\/users\/1"}],"replies":[{"embeddable":true,"href":"http:\/\/frenchspin.com\/afr\/wp-json\/wp\/v2\/comments?post=167"}],"version-history":[{"count":1,"href":"http:\/\/frenchspin.com\/afr\/wp-json\/wp\/v2\/pages\/167\/revisions"}],"predecessor-version":[{"id":2614,"href":"http:\/\/frenchspin.com\/afr\/wp-json\/wp\/v2\/pages\/167\/revisions\/2614"}],"wp:attachment":[{"href":"http:\/\/frenchspin.com\/afr\/wp-json\/wp\/v2\/media?parent=167"}],"curies":[{"name":"wp","href":"https:\/\/api.w.org\/{rel}","templated":true}]}}