{"id":2,"date":"2008-09-08T23:47:08","date_gmt":"2008-09-08T21:47:08","guid":{"rendered":"http:\/\/www.azeroth.fr\/blog\/?page_id=2"},"modified":"2010-03-31T23:14:10","modified_gmt":"2010-03-31T22:14:10","slug":"les-animateurs","status":"publish","type":"page","link":"http:\/\/frenchspin.com\/afr\/grblrbll-faq-et-infos\/les-animateurs\/","title":{"rendered":"Les animateurs"},"content":{"rendered":"<p style=\"font-size: 13px; text-align: left;\"><span style=\"color: #ffcc99;\">Une petite page sp\u00e9ciale pour vous aider \u00e0 conna\u00eetre et comprendre un petit peu plus les \u00e9tranges personnages qui sont derri\u00e8re Azeroth.fr. A noter que Patrick a r\u00e9dig\u00e9 les infos sur les anciens animateurs et Alexandre la majeure partie de celles sur les nouveaux. Toutes les informations qui y sont donn\u00e9es sont donc bien s\u00fbr rigoureusement v\u00e9ridiques et objectives.<\/span><\/p>\n<p style=\"text-align: center;\"><img loading=\"lazy\" decoding=\"async\" class=\"aligncenter size-full wp-image-161\" src=\"http:\/\/www.azeroth.fr\/blog\/wp-content\/themes\/azeroth\/images\/ligne.gif\" alt=\"\" width=\"524\" height=\"27\" \/><\/p>\n<p style=\"text-align: left;\"><img loading=\"lazy\" decoding=\"async\" class=\"alignleft size-full wp-image-186\" title=\"patrick\" src=\"http:\/\/www.azeroth.fr\/blog\/wp-content\/uploads\/2008\/09\/patrick.gif\" alt=\"\" width=\"150\" height=\"154\" \/><span style=\"color: #ff9900;\">Pr\u00e9nom :<\/span> Patrick<br \/>\n<span style=\"color: #ff9900;\"><span class=\"orange\">Fonction :<\/span><\/span> responsable technique de l&rsquo;\u00e9mission jusqu&rsquo;en septembre 2009 et producteur de l&rsquo;\u00e9mission.<br \/>\n<span style=\"color: #ff0000;\"><span class=\"rouge\">Signe particulier :<\/span><\/span> il d\u00e9teste avoir tort (ce qui n&rsquo;arrive jamais puisqu&rsquo;il a toujours raison) et il est parfois un peu trop perfectionniste.<\/p>\n<p style=\"text-align: left;\">Patrick est \u00e0 l&rsquo;origine du projet \u00ab\u00a0Azeroth.fr\u00a0\u00bb. Par un beau jour de 2006, il a d\u00e9cid\u00e9 que la France avait absolument besoin d&rsquo;un podcast sur Wow, et il a appel\u00e9 son ami de longue date, Dany, pour qu&rsquo;il l&rsquo;aide \u00e0 animer l&rsquo;\u00e9mission.<\/p>\n<p style=\"text-align: left;\">Il est aussi le producteur et responsable technique de l&rsquo;\u00e9mission. En gros, s&rsquo;il y a un truc qui ne vous plait pas, c&rsquo;est sans doute de sa faute&#8230;<\/p>\n<p style=\"text-align: left;\">Dans Warcraft, Patrick est assez mesur\u00e9. Il est arriv\u00e9 au niveau maximum mais ne joue pas forc\u00e9ment tous les jours (ca va par p\u00e9riodes). Il partage son temps entre PvE et PvP, et essaye surtout de s&rsquo;amuser avec ses amis, plut\u00f4t que de faire la course aux objets et aux r\u00e9compenses. Enfin&#8230; Un objet ou une r\u00e9compense, ca fait pas de mal non plus, hein!<\/p>\n<p style=\"text-align: left;\">Dans la vie, Patrick a la trentaine largement pass\u00e9e, et il a souvent eu la bougeotte : vous serez peut-\u00eatre surpris d&rsquo;apprendre qu&rsquo;il a d\u00e9m\u00e9nag\u00e9 plus de vingt-cinq fois ou qu&rsquo;il parle couramment japonais. Il travaille aujourd&rsquo;hui <span style=\"text-decoration: line-through;\">dans le domaine de l&rsquo;audiovisuel (assistant r\u00e9alisateur, si vous avez du boulot, n&rsquo;h\u00e9sitez pas !)<\/span> chez Blizzard et il fait des photocopies dit-on. Quand il a du temps libre et qu&rsquo;il ne joue pas \u00e0 World of Warcraft, il est g\u00e9n\u00e9ralement au cin\u00e9ma, perdu dans le son d&rsquo;un nouveau groupe pop-rock, ou \u00e0 une bouffe entre potes (et g\u00e9n\u00e9ralement, par craintes de r\u00e9percutions sanitaires, ca n&rsquo;est pas lui qui cuisine).<\/p>\n<p style=\"text-align: center;\"><img loading=\"lazy\" decoding=\"async\" class=\"aligncenter size-full wp-image-161\" src=\"http:\/\/www.azeroth.fr\/blog\/wp-content\/themes\/azeroth\/images\/ligne.gif\" alt=\"\" width=\"524\" height=\"27\" \/><\/p>\n<p style=\"text-align: left;\"><img loading=\"lazy\" decoding=\"async\" class=\"alignleft size-full wp-image-187\" title=\"daniel\" src=\"http:\/\/www.azeroth.fr\/blog\/wp-content\/uploads\/2008\/09\/daniel.gif\" alt=\"\" width=\"150\" height=\"154\" \/><\/p>\n<p style=\"text-align: left;\"><span style=\"color: #ff9900;\">Pr\u00e9nom :<\/span> Daniel<br \/>\n<span style=\"color: #ff9900;\">Fonction :<\/span> Co-animateur jusqu&rsquo;en septembre 2009.<br \/>\n<span style=\"color: #ff0000;\">Signe particulier :<\/span> s&rsquo;il y a une remarque d\u00e9sobligeante \u00e0 faire, vous pouvez compter sur lui ! Il le fera avec autant d&rsquo;humour que d&rsquo;audace.<\/p>\n<p style=\"text-align: left;\">Dans Azeroth.fr, Dany est un peu \u00e0 Patrick ce que Robin est \u00e0 Batman (on parle plut\u00f4t de la version film hein, pas la version s\u00e9rie t\u00e9l\u00e9 en collants). C&rsquo;est le compagnon ind\u00e9fectible qui ajoute une touche de personnalit\u00e9 unique au ton strict de Patrick.<\/p>\n<p style=\"text-align: left;\">Dans Warcraft, Dany est un vrai raider. Son but est de voir tous donjons hauts niveaux, de d\u00e9couvrir toujours plus de monstres et de techniques, surtout pour pouvoir annoncer fi\u00e8rement au monde qu&rsquo;il a \u00e9cras\u00e9 tel ou tel boss et que sa puissance est incommensurable!<\/p>\n<p style=\"text-align: left;\">Pour la petite histoire, Patrick et Daniel se sont rencontr\u00e9 \u00e0 la fin des ann\u00e9es 80 (ca ne les rajeuni pas!), simplement parce que ce dernier avait chez lui une console Super Nintendo que Patrick voulait tester; elles \u00e9taient plus que rares \u00e0 l&rsquo;\u00e9poque&#8230; Un ami les a mis en contact, et \u00e0 partir de l\u00e0 l&rsquo;histoire s&rsquo;est mise en route.<\/p>\n<p style=\"text-align: left;\">Aujourd&rsquo;hui Daniel travaille dans l&rsquo;informatique, mais son parcours est loin d&rsquo;\u00eatre simple: il est pass\u00e9 par une \u00e9cole de commerce, une \u00e9tape dans la traduction, un boulot en Allemagne, des \u00e9tudes en Angleterre&#8230; Eh oui, faut pas croire, c&rsquo;est pas facile d&rsquo;\u00eatre Dany!<\/p>\n<p style=\"text-align: center;\"><img loading=\"lazy\" decoding=\"async\" class=\"aligncenter size-full wp-image-161\" src=\"http:\/\/www.azeroth.fr\/blog\/wp-content\/themes\/azeroth\/images\/ligne.gif\" alt=\"\" width=\"524\" height=\"27\" \/><\/p>\n<p style=\"text-align: left;\"><a href=\"http:\/\/www.azeroth.fr\/blog\/wp-content\/uploads\/2008\/09\/nathalie.gif\"><img loading=\"lazy\" decoding=\"async\" class=\"alignleft size-full wp-image-188\" title=\"nathalie\" src=\"http:\/\/www.azeroth.fr\/blog\/wp-content\/uploads\/2008\/09\/nathalie.gif\" alt=\"\" width=\"150\" height=\"154\" \/><\/a><\/p>\n<p style=\"text-align: left;\"><span style=\"color: #ff9900;\">Pr\u00e9nom :<\/span> Nath<br \/>\n<span style=\"color: #ff9900;\">Fonction :<\/span> Co-animatrice jusqu&rsquo;en septembre 2009.<br \/>\n<span style=\"color: #ff0000;\">Signe particulier :<\/span> elle apporte son lot d\u2019humour et de d\u00e9lires, chansons stupides et des remarques \u00e9tranges au programme.<\/p>\n<p style=\"text-align: left;\">On aura du mal \u00e0 vous le cacher, Nath est une fille. Mais elle est surtout une personne tr\u00e8s sympathique qui compl\u00e8te parfaitement le trio de l&rsquo;\u00e9mission! Elle a rejoint les deux comp\u00e8res quelques mois apr\u00e8s la cr\u00e9ation du podcast. Ils se sont rencontr\u00e9 pour tout \u00e0 fait autre chose, mais Patrick et Nath ont discut\u00e9 de l&rsquo;\u00e9mission, et Nath, ayant beaucoup aim\u00e9 le principe, a propos\u00e9 sont aide au bout de quelques semaines. Ils ont d\u00e9cid\u00e9 de tenter l&rsquo;exp\u00e9rience, et Nath fait d\u00e9sormais partie de la joyeuse troupe.<\/p>\n<p style=\"text-align: left;\">Contrairement aux apparences, Nath est une fille normale; comprenez par l\u00e0 qu&rsquo;elle n&rsquo;est pas une acharn\u00e9e de Warcraft (enfin, elle a quand m\u00eame largement atteint le niveau maximum hein), et elle n&rsquo;est pas forc\u00e9ment la plus grande experte quand on parle des d\u00e9tails de la m\u00e9canique du jeu.<\/p>\n<p style=\"text-align: left;\">En jeu, Nath est une role-playeuse qui s&rsquo;attache plus \u00e0 s&rsquo;amuser dans les champs de bataille qu&rsquo;\u00e0 la conqu\u00eate des donjons les plus difficiles. Elle passe le plus clair de son temps en PvP, elle mange du gnome aussi souvent que possible, et n&rsquo;oublie jamais de brosser les trois dents qui restent dans sa bouche de morte vivante ensuite.<\/p>\n<p style=\"text-align: left;\">Et dans la vraie vie, Nath ressemble un peu \u00e0 son personnage de Warcraft. Euh non, bon, s\u00e9rieusement, Nath est l&rsquo;exemple classique de la provinciale qui est venue vivre \u00e0 Paris. Elle vit une vie \u00e0 peu pr\u00e8s normale entre m\u00e9tro, boulot, wow, et dodo&#8230;<\/p>\n<p style=\"text-align: center\"><img loading=\"lazy\" decoding=\"async\" class=\"aligncenter\" src=\"http:\/\/www.azeroth.fr\/blog\/wp-content\/themes\/azeroth\/images\/ligne.gif\" alt=\"\" width=\"524\" height=\"27\" \/><\/p>\n<p style=\"text-align: left;\"><img loading=\"lazy\" decoding=\"async\" class=\"alignleft size-full wp-image-1440\" title=\"Alexandre\" src=\"http:\/\/frenchspin.com\/afr\/blog\/wp-content\/uploads\/2009\/08\/Alexandre31.png\" alt=\"Alexandre\" width=\"171\" height=\"172\" srcset=\"http:\/\/frenchspin.com\/afr\/blog\/wp-content\/uploads\/2009\/08\/Alexandre31.png 171w, http:\/\/frenchspin.com\/afr\/blog\/wp-content\/uploads\/2009\/08\/Alexandre31-150x150.png 150w\" sizes=\"(max-width: 171px) 100vw, 171px\" \/><span style=\"color: #ff9900;\">Pr\u00e9nom : <\/span>Alexandre<br \/>\n<span style=\"color: #ff9900;\">Fonction :<\/span> responsable technique de l&rsquo;\u00e9mission (montage et mise en ligne) depuis octobre 2009. C&rsquo;est aussi lui qui a fait les montages photo horribles sur la gauche&#8230;<br \/>\n<span style=\"color: #ff0000;\">Signe particulier :<\/span> il est difficile de prendre la parole face \u00e0 lui, on dit que son record personnel est de 7h49 de monologue. Et il n&rsquo;a jamais tort non plus. Jamais.<\/p>\n<p style=\"text-align: left;\">Alexandre, c&rsquo;est tout d&rsquo;abord un fanboy d&rsquo;Azeroth.fr de la premi\u00e8re heure, fier d&rsquo;\u00eatre le tout premier membre du forum et d&rsquo;avoir agr\u00e9ment\u00e9 celui-ci de plus de 2.500 messages tous extr\u00eamement utiles. Il rejoint l&rsquo;aventure Azeroth.fr en octobre 2009 sur la demande de Patrick qui, sur son lit de mort, lui aurait l\u00e9gu\u00e9 le podcast (enfin \u00e7a s&rsquo;est \u00e0 peu pr\u00e8s pass\u00e9 comme \u00e7a).<\/p>\n<p style=\"text-align: left;\">Dans une autre vie, il aurait \u00e9t\u00e9 un murloc. Malheuresement, toutes les personnes ayant cherch\u00e9 \u00e0 en savoir plus n&rsquo;ont trouv\u00e9 qu&rsquo;un terrain favorable au d\u00e9c\u00e8s pr\u00e9matur\u00e9&#8230;<\/p>\n<p style=\"text-align: left;\">Dans Warcraft, Alexandre n&rsquo;est pas un joueur r\u00e9gulier : il peut aussi bien jouer juste un week-end en un mois ou 10 heures par jour pendant 2 semaines, cela d\u00e9pend de son emploi du temps. Cependant, il s&rsquo;attache \u00e0 conna\u00eetre le plus de choses possibles concernant le jeu et adore le theorycrafting, ce qui lui permet souvent de rivaliser avec des personnes ayant un bien meilleur \u00e9quipement que le sien. Il pr\u00e9f\u00e8re largement le PvE en solo et \u00e0 5 joueurs, mais fait tout de m\u00eame des raids de temps \u00e0 autres ainsi que quelques champs de bataille.<\/p>\n<p style=\"text-align: left;\">Dans la vie, Alexandre est \u00e9tudiant&#8230;et pas grand chose d&rsquo;autre, c&rsquo;est un boulot \u00e0 plein temps ! Il a une vie d&rsquo;adolescent normale et compte r\u00e9ussir ses \u00e9tudes. Il compte faire une pr\u00e9pa. Enfin, si on arr\u00eate du lui refiler des podcasts. Il compte se remettre au th\u00e9\u00e2tre aussi. Il compte beaucoup, oui.<\/p>\n<p style=\"text-align: center\"><img loading=\"lazy\" decoding=\"async\" class=\"aligncenter\" src=\"http:\/\/www.azeroth.fr\/blog\/wp-content\/themes\/azeroth\/images\/ligne.gif\" alt=\"\" width=\"524\" height=\"27\" \/><\/p>\n<p style=\"text-align: left;\"><img loading=\"lazy\" decoding=\"async\" class=\"alignleft size-full wp-image-1444\" title=\"Florent\" src=\"http:\/\/frenchspin.com\/afr\/blog\/wp-content\/uploads\/2009\/08\/Florent2.png\" alt=\"Florent\" width=\"171\" height=\"173\" \/><span style=\"color: #ff9900;\">Pr\u00e9nom : <\/span><span style=\"color: #ff9900;\">Florent<\/span><br \/>\n<span style=\"color: #ff9900;\">Fonction :<\/span> responsable technique de l&rsquo;\u00e9mission (mises \u00e0 jour blog, RSS) depuis octobre 2009.<br \/>\n<span style=\"color: #ff0000;\">Signe particulier :<\/span> aventurier chevaleresque en l&rsquo;\u00e2me, il s&rsquo;\u00e9gare souvent lors de r\u00e9cits \u00e9piques ou blagues douteuses, pour notre plus grand plaisir !<\/p>\n<p style=\"text-align: left;\">Florent est lui aussi un ancien du forum, fan d&rsquo;Azeroth.fr depuis longtemps. Avec Alexandre, il forme un peu le duo Starsky &amp; Hutch (Batman \u00e9tait d\u00e9j\u00e0 pris&#8230;), mais avec des lunettes et en un peu plus geek&#8230; D&rsquo;un temp\u00e9rament plut\u00f4t calme, il compl\u00e8te parfaitement le caract\u00e8re (hyper)actif d&rsquo;Alexandre.<\/p>\n<p style=\"text-align: left;\">En jeu, Florent est un raideur \u00e0 tendance casual. Il fait des raids &amp; des donjons quelques soirs par semaine&#8230; Il n&rsquo;est pas un grand fan du PvP et \u00e0 part un champ par bataille par-ci ou par-l\u00e0, il \u00e9vite d&rsquo;en faire (le fait qu&rsquo;il soit sur un serveur Bisounours lui simplifie grandement la t\u00e2che). Il peut lui arriver aussi de passer des heures \u00e0 discuter\u00a0 sur le canal guilde ou \u00e0 regarder les magnifiques d\u00e9cors &#8211; cubiques &#8211; visibles dans Azeroth ou en Outreterre. Il y a un besoin maladif d&rsquo;entendre et de parler les personnes avec qui il joue (malheureusement pour eux&#8230;).<\/p>\n<p style=\"text-align: left;\">Dans la vie, Florent est \u00e9tudiant (un m\u00e9tier d&rsquo;avenir qui donne de bons d\u00e9bouch\u00e9s sur le ch\u00f4mage dit-on&#8230;) en informatique mais il passe aussi beaucoup de temps plong\u00e9 dans la culture geek : films, bandes-dessin\u00e9s, mangas, animes, romans, s\u00e9ries, gadgets, Azer&#8230; heuuu, et j&rsquo;en passe&#8230;<\/p>\n<p style=\"text-align: center\"><img loading=\"lazy\" decoding=\"async\" src=\"http:\/\/www.azeroth.fr\/blog\/wp-content\/themes\/azeroth\/images\/ligne.gif\" alt=\"\" width=\"524\" height=\"27\" \/><\/p>\n<p><!-- \t\t@page { margin: 2cm } \t\tP { margin-bottom: 0.21cm } --><\/p>\n<p style=\"margin-bottom: 0cm; text-align: left;\"><span style=\"color: #ff9900;\"><img loading=\"lazy\" decoding=\"async\" class=\"alignleft size-full wp-image-1912\" title=\"caroimgok2\" src=\"http:\/\/frenchspin.com\/afr\/blog\/wp-content\/uploads\/2008\/09\/caroimgok2.png\" alt=\"caroimgok2\" width=\"171\" height=\"173\" \/>Pr\u00e9nom :<\/span> Caroline<span style=\"color: #ff9900;\"><br \/>\nFonction :<\/span> Co-animatrice (boniche et p\u00e2tissi\u00e8re attitr\u00e9e) depuis f\u00e9vrier 2010<br \/>\n<span style=\"color: #ff0000;\">Signe particulier :<\/span> Paradoxalement, elle est incontestablement ce que l&rsquo;on peut appeler dans le jargon, une geek. Cependant, cette jeune femme est aussi atteinte du syndrome du \u00abtechno-plouc\u00bb  la classant donc comme sp\u00e9cimen rare (d&rsquo;on ne sait pas trop quoi, d&rsquo;ailleurs). Bref un cas pour la science. Pire, on dit m\u00eame qu&rsquo;un jour, dans un rayon emplit d&rsquo;ordinateurs, elle aurait par un simple effleurement, fait tout exploser. Ceci explique peut-\u00eatre pourquoi on ajoute pas dans la liste de ses fonctions, celle de responsable technique.<\/p>\n<p style=\"margin-bottom: 0cm; text-align: left;\">Elle est la touche f\u00e9minine et compl\u00e8te donc parfaitement cette \u00e9quipe de choc! D&rsquo;un temp\u00e9rament hyperactif, qui n&rsquo;arrange certes pas le cas d&rsquo;Alexandre et l&rsquo;\u00e9tat d&rsquo;exasp\u00e9ration de Florent, Caroline est aussi quelqu&rsquo;un de s\u00e9rieux et impliqu\u00e9e dans tout ce qu&rsquo;elle peut entreprendre. Malheureusement, ce petit bout de femme a sa part de myst\u00e8re et a aussi un humour que l&rsquo;on peut qualifier d&rsquo;\u00e9trange. Oh et un conseil, \u00e9vitez de lui parler de sa (petite) taille!<\/p>\n<p style=\"margin-bottom: 0cm; text-align: left;\">Dans le monde tr\u00e9pident de WarCraft, elle incarne une terrible chasseresse elfe de la nuit du nom de *bip*, arm\u00e9e jusqu&rsquo;au dents et n&rsquo;est pas ce que l&rsquo;on peut appeler une \u00abcasual\u00bb. Privil\u00e9giant le PvE, elle adore raider avec sa guilde quand cela est possible.<\/p>\n<p style=\"margin-bottom: 0cm; text-align: left;\">Ce qu&rsquo;elle affectionne tout particuli\u00e8rement c&rsquo;est tout ce qui touche au background du jeu et fouetter les gnomes, race soumise et inf\u00e9rieure, quand elle en croise un.<\/p>\n<p style=\"margin-bottom: 0cm; text-align: left;\">Dans la vraie vie, (oui, parce qu&rsquo;il y a aussi une fausse&#8230;), Caroline, est \u00e9tudiante en terminale L, car abhorrant les math\u00e9matiques (qui, d&rsquo;ailleurs, n&rsquo;existent plus depuis qu&rsquo;elle \u00e0 pass\u00e9 l&rsquo;\u00e9preuve). Dans l&rsquo;optique de travailler dans la conceptualisation 3D, elle fera normalement ses \u00e9tudes dans une classe pr\u00e9paratoire apr\u00e8s l&rsquo;obtention de son BAC&#8230; Il est donc compr\u00e9hensible que ses hobbies soient le dessin en g\u00e9n\u00e9ral, le cin\u00e9ma, les BD, les manga, la lecture et l&rsquo;\u00e9criture ainsi que deux ou trois p&rsquo;tits trucs en plus&#8230;<\/p>\n","protected":false},"excerpt":{"rendered":"<p>Une petite page sp\u00e9ciale pour vous aider \u00e0 conna\u00eetre et comprendre un petit peu plus les \u00e9tranges personnages qui sont derri\u00e8re Azeroth.fr. A noter que Patrick a r\u00e9dig\u00e9 les infos sur les anciens animateurs et Alexandre la majeure partie de celles sur les nouveaux. Toutes les informations qui y sont donn\u00e9es sont donc bien s\u00fbr [&hellip;]<\/p>\n","protected":false},"author":1,"featured_media":0,"parent":145,"menu_order":1,"comment_status":"open","ping_status":"open","template":"","meta":{"footnotes":""},"aioseo_notices":[],"_links":{"self":[{"href":"http:\/\/frenchspin.com\/afr\/wp-json\/wp\/v2\/pages\/2"}],"collection":[{"href":"http:\/\/frenchspin.com\/afr\/wp-json\/wp\/v2\/pages"}],"about":[{"href":"http:\/\/frenchspin.com\/afr\/wp-json\/wp\/v2\/types\/page"}],"author":[{"embeddable":true,"href":"http:\/\/frenchspin.com\/afr\/wp-json\/wp\/v2\/users\/1"}],"replies":[{"embeddable":true,"href":"http:\/\/frenchspin.com\/afr\/wp-json\/wp\/v2\/comments?post=2"}],"version-history":[{"count":0,"href":"http:\/\/frenchspin.com\/afr\/wp-json\/wp\/v2\/pages\/2\/revisions"}],"up":[{"embeddable":true,"href":"http:\/\/frenchspin.com\/afr\/wp-json\/wp\/v2\/pages\/145"}],"wp:attachment":[{"href":"http:\/\/frenchspin.com\/afr\/wp-json\/wp\/v2\/media?parent=2"}],"curies":[{"name":"wp","href":"https:\/\/api.w.org\/{rel}","templated":true}]}}