{"id":628,"date":"2008-10-03T16:10:13","date_gmt":"2008-10-03T14:10:13","guid":{"rendered":"http:\/\/www.azeroth.fr\/blog\/?page_id=628"},"modified":"2010-01-21T18:47:07","modified_gmt":"2010-01-21T17:47:07","slug":"merci-de-votre-generosite","status":"publish","type":"page","link":"http:\/\/frenchspin.com\/afr\/laisser-un-pourboire\/merci-de-votre-generosite\/","title":{"rendered":"Merci de votre g\u00e9n\u00e9rosit\u00e9 !"},"content":{"rendered":"<p style=\"text-align: center;\"><img loading=\"lazy\" decoding=\"async\" class=\"aligncenter size-full wp-image-161\" src=\"http:\/\/www.frenchspin.com\/afr\/blog\/wp-content\/themes\/azeroth\/images\/ligne.gif\" alt=\"\" width=\"524\" height=\"27\" \/><\/p>\n<h2 style=\"text-align: center;\"><span style=\"color: #339966;\"><strong><span><span class=\"rouge\">L&rsquo;op\u00e9ration a \u00e9t\u00e9 valid\u00e9e<\/span><\/span><\/strong><\/span><\/h2>\n<p style=\"text-align: center;\"><img loading=\"lazy\" decoding=\"async\" class=\"aligncenter size-full wp-image-161\" src=\"http:\/\/www.frenchspin.com\/afr\/blog\/wp-content\/themes\/azeroth\/images\/ligne.gif\" alt=\"\" width=\"524\" height=\"27\" \/><\/p>\n<p>Comme vous le savez, nous ne citons plus nos sponsors en d\u00e9but de podcast &#8212; pour le moment &#8212; mais nous souhaitions tout de m\u00eame vous remercier de votre g\u00e9n\u00e9rosit\u00e9 \u00ab\u00a0gratuite\u00a0\u00bb, cela nous fait vraiment plaisir !<\/p>\n","protected":false},"excerpt":{"rendered":"<p>L&rsquo;op\u00e9ration a \u00e9t\u00e9 valid\u00e9e Comme vous le savez, nous ne citons plus nos sponsors en d\u00e9but de podcast &#8212; pour le moment &#8212; mais nous souhaitions tout de m\u00eame vous remercier de votre g\u00e9n\u00e9rosit\u00e9 \u00ab\u00a0gratuite\u00a0\u00bb, cela nous fait vraiment plaisir !<\/p>\n","protected":false},"author":1,"featured_media":0,"parent":167,"menu_order":0,"comment_status":"open","ping_status":"open","template":"","meta":{"footnotes":""},"aioseo_notices":[],"_links":{"self":[{"href":"http:\/\/frenchspin.com\/afr\/wp-json\/wp\/v2\/pages\/628"}],"collection":[{"href":"http:\/\/frenchspin.com\/afr\/wp-json\/wp\/v2\/pages"}],"about":[{"href":"http:\/\/frenchspin.com\/afr\/wp-json\/wp\/v2\/types\/page"}],"author":[{"embeddable":true,"href":"http:\/\/frenchspin.com\/afr\/wp-json\/wp\/v2\/users\/1"}],"replies":[{"embeddable":true,"href":"http:\/\/frenchspin.com\/afr\/wp-json\/wp\/v2\/comments?post=628"}],"version-history":[{"count":0,"href":"http:\/\/frenchspin.com\/afr\/wp-json\/wp\/v2\/pages\/628\/revisions"}],"up":[{"embeddable":true,"href":"http:\/\/frenchspin.com\/afr\/wp-json\/wp\/v2\/pages\/167"}],"wp:attachment":[{"href":"http:\/\/frenchspin.com\/afr\/wp-json\/wp\/v2\/media?parent=628"}],"curies":[{"name":"wp","href":"https:\/\/api.w.org\/{rel}","templated":true}]}}