{"id":636,"date":"2008-10-03T16:16:31","date_gmt":"2008-10-03T14:16:31","guid":{"rendered":"http:\/\/www.azeroth.fr\/blog\/?page_id=636"},"modified":"2010-01-21T18:46:50","modified_gmt":"2010-01-21T17:46:50","slug":"loperation-a-ete-annulee","status":"publish","type":"page","link":"http:\/\/frenchspin.com\/afr\/laisser-un-pourboire\/loperation-a-ete-annulee\/","title":{"rendered":"L&rsquo;op\u00e9ration a \u00e9t\u00e9 annul\u00e9e !"},"content":{"rendered":"<p style=\"text-align: center;\"><img loading=\"lazy\" decoding=\"async\" class=\"aligncenter size-full wp-image-161\" src=\"http:\/\/www.frenchspin.com\/afr\/blog\/wp-content\/themes\/azeroth\/images\/ligne.gif\" alt=\"\" width=\"524\" height=\"27\" \/><\/p>\n<h2 style=\"text-align: center;\"><strong><span style=\"color: #ff0000;\">Aucun don n&rsquo;a \u00e9t\u00e9 effectu\u00e9.<br \/>\n<\/span><\/strong><\/h2>\n<p style=\"text-align: center;\"><img loading=\"lazy\" decoding=\"async\" class=\"aligncenter size-full wp-image-161\" src=\"http:\/\/www.frenchspin.com\/afr\/blog\/wp-content\/themes\/azeroth\/images\/ligne.gif\" alt=\"\" width=\"524\" height=\"27\" \/><\/p>\n","protected":false},"excerpt":{"rendered":"<p>Aucun don n&rsquo;a \u00e9t\u00e9 effectu\u00e9.<\/p>\n","protected":false},"author":1,"featured_media":0,"parent":167,"menu_order":0,"comment_status":"open","ping_status":"open","template":"","meta":{"footnotes":""},"aioseo_notices":[],"_links":{"self":[{"href":"http:\/\/frenchspin.com\/afr\/wp-json\/wp\/v2\/pages\/636"}],"collection":[{"href":"http:\/\/frenchspin.com\/afr\/wp-json\/wp\/v2\/pages"}],"about":[{"href":"http:\/\/frenchspin.com\/afr\/wp-json\/wp\/v2\/types\/page"}],"author":[{"embeddable":true,"href":"http:\/\/frenchspin.com\/afr\/wp-json\/wp\/v2\/users\/1"}],"replies":[{"embeddable":true,"href":"http:\/\/frenchspin.com\/afr\/wp-json\/wp\/v2\/comments?post=636"}],"version-history":[{"count":0,"href":"http:\/\/frenchspin.com\/afr\/wp-json\/wp\/v2\/pages\/636\/revisions"}],"up":[{"embeddable":true,"href":"http:\/\/frenchspin.com\/afr\/wp-json\/wp\/v2\/pages\/167"}],"wp:attachment":[{"href":"http:\/\/frenchspin.com\/afr\/wp-json\/wp\/v2\/media?parent=636"}],"curies":[{"name":"wp","href":"https:\/\/api.w.org\/{rel}","templated":true}]}}