{"id":937,"date":"2008-12-08T21:13:22","date_gmt":"2008-12-08T19:13:22","guid":{"rendered":"http:\/\/www.azeroth.fr\/?page_id=937"},"modified":"2010-01-21T18:45:28","modified_gmt":"2010-01-21T17:45:28","slug":"boutique-afr-amazon","status":"publish","type":"page","link":"http:\/\/frenchspin.com\/afr\/boutique-afr-amazon\/","title":{"rendered":"Boutique Amazon et T-shirts"},"content":{"rendered":"<p><span style=\"color: #ffcc99;\">Il y a d\u00e9sormais deux boutiques Azeroth.fr.<\/span><\/p>\n<p style=\"text-align: left;\"><span style=\"color: #ffcc99;\">La Comboutique <\/span><span style=\"color: #ffcc99;\">est celle o\u00f9 vous pouvez acheter les T-shirts et autres goodies avec le sublime visuel AFR <span class=\"beige chapo\">con\u00e7u par Fabrissou. <\/span>Montrez \u00e0 tous votre amour pour votre \u00e9mission pr\u00e9f\u00e9r\u00e9e ! Faites \u00e0 un ami le meilleur cadeau d&rsquo;anniversaire de la terre ! Offrez \u00e0 votre b\u00e9b\u00e9 le plus beau v\u00eatement qui soit ! Impressionnez les filles en soir\u00e9e ! (non garanti)<\/span><br \/>\n<a href=\"http:\/\/www.comboutique.com\/shop\/homeboutique-28716.html\"><img loading=\"lazy\" decoding=\"async\" class=\"aligncenter size-full wp-image-946\" style=\"margin-top: 50px; margin-bottom: 50px;\" title=\"Boutique Tshirts\" src=\"http:\/\/www.frenchspin.com\/afr\/blog\/wp-content\/uploads\/2008\/12\/boutiquetshirts.jpg\" alt=\"\" width=\"200\" height=\"110\" \/><\/a><\/p>\n<p><span style=\"color: #ffcc99;\">La boutique AFR sur Amazon vous permet <\/span><span style=\"color: #ffcc99;\">de faire vos achats de geeks en nous laissant une commission. C&rsquo;est simple et rapide, et vous profitez de nos recommandations \u00e9clair\u00e9es.<br \/>\n<\/span><\/p>\n<p style=\"text-align: left;\"><a href=\"http:\/\/www.frenchspin.com\/afr\/store.php\"><img loading=\"lazy\" decoding=\"async\" class=\"aligncenter size-full wp-image-940\" style=\"border: 1px solid #5d3027; margin-top: 50px; margin-bottom: 50px;\" title=\"AFR Store\" src=\"http:\/\/www.frenchspin.com\/afr\/blog\/wp-content\/uploads\/2008\/12\/afrstore.jpg\" alt=\"\" width=\"200\" height=\"191\" \/><\/a><span style=\"color: #ffcc99;\">Bon shopping \u00e0 tous, et merci de penser \u00e0 nous.<br \/>\n<\/span><\/p>\n<p style=\"text-align: center;\"><img loading=\"lazy\" decoding=\"async\" class=\"aligncenter size-full wp-image-161\" src=\"http:\/\/www.frenchspin.com\/afr\/blog\/wp-content\/themes\/azeroth\/images\/ligne.gif\" alt=\"\" width=\"524\" height=\"27\" \/><\/p>\n<ul style=\"text-align: left;\">\n<li><strong><span class=\"rouge\">Petites infos suppl\u00e9mentaires&#8230;<\/span><\/strong><\/li>\n<\/ul>\n<p style=\"text-align: left;\"><span style=\"color: #ffcc99;\"><em>\u00ab\u00a0Eh ! J&rsquo;ai une r\u00e9clamation : je veux me faire un slip kangourou Azeroth.fr !\u00a0\u00bb<\/em><\/span><\/p>\n<p style=\"text-align: left;\">Euh ok, j&rsquo;ai compris l&rsquo;id\u00e9e. Alors voila un \u00ab\u00a0tips\u00a0\u00bb : Chez Comboutique, qui g\u00e8re nos produits, il y a une option pour appliquer un visuel \u00e0 n&rsquo;importe lequel des produits disponibles. Nous l&rsquo;avons d\u00e9sactiv\u00e9 sur la plupart d&rsquo;entre eux parce qu&rsquo;il ne faut pas le faire n&rsquo;importe comment (nous ne voulions pas que les gens se retrouvent avec un produit rat\u00e9).<br \/>\nLe truc c&rsquo;et qu&rsquo;un visuel \u00ab\u00a0couleur\u00a0\u00bb doit aller sur un produit couleur, et un visuel \u00ab\u00a0blanc\u00a0\u00bb doit aller sur un produit blanc. Donc pour ceux qui y tiennent nous avons tout de m\u00eame laiss\u00e9 l&rsquo;option sur les T-shirt enfant et b\u00e9b\u00e9: l&rsquo;un est blanc, l&rsquo;autre est color\u00e9, donc \u00e7a vous donne les deux options. Si vous voulez commander un produit que nous n&rsquo;avons pas sp\u00e9cifiquement mis en ligne mais qui existe chez Comboutique, vous pouvez donc passer par ceux-ci.<br \/>\nEt oui, il y a des slips, entre autres choses&#8230; \ud83d\ude42<\/p>\n<p style=\"text-align: center;\"><img loading=\"lazy\" decoding=\"async\" class=\"aligncenter size-full wp-image-161\" src=\"http:\/\/www.frenchspin.com\/afr\/blog\/wp-content\/themes\/azeroth\/images\/ligne.gif\" alt=\"\" width=\"524\" height=\"27\" \/><\/p>\n<ul style=\"text-align: left;\">\n<li><strong><span class=\"orange\">Une autre voix s&rsquo;\u00e9l\u00e8ve de la foule en d\u00e9lire :<\/span><\/strong><\/li>\n<\/ul>\n<p style=\"text-align: left;\"><span style=\"color: #ffcc99;\"><em>\u00ab\u00a0Ho ! Vendus ! Vous vous faites des sous sur notre dos !\u00a0\u00bb<\/em><\/span><\/p>\n<p style=\"text-align: left;\">Meuh non! Enfin, si, un peu : nous prenons une commission sur les ventes, mais le but n&rsquo;est pas de vous saigner \u00e0 blanc : comme pour les <a href=\"http:\/\/frenchspin.com\/afr\/laisser-un-pourboire\/\">pourboires<\/a>, c&rsquo;est totalement optionnel. C&rsquo;est simplement une possibilit\u00e9 suppl\u00e9mentaire propos\u00e9e aux fans. Ceci dit, si vous voulez un T-shirt et que vous ne voulez pas commander sur Comboutique, vous pouvez tout \u00e0 fait vous en faire un vous-m\u00eame, en <a href=\"http:\/\/frenchspin.com\/afr\/imgblog\/visuel.zip\" target=\"_blank\">t\u00e9l\u00e9chargeant le visuel ici<\/a>. Donnez-vous en \u00e0 coeur joie : T-shirts, fonds d&rsquo;\u00e9cran, tatouages&#8230;\u00a0 Et n&rsquo;oubliez pas de nous envoyer les photos de vos cr\u00e9ations !<\/p>\n<p style=\"text-align: center;\"><img loading=\"lazy\" decoding=\"async\" class=\"aligncenter size-full wp-image-161\" src=\"http:\/\/www.frenchspin.com\/afr\/blog\/wp-content\/themes\/azeroth\/images\/ligne.gif\" alt=\"\" width=\"524\" height=\"27\" \/><\/p>\n<p style=\"text-align: left;\"><span class=\"beige chapo\"> <\/span><\/p>\n","protected":false},"excerpt":{"rendered":"<p>Il y a d\u00e9sormais deux boutiques Azeroth.fr. La Comboutique est celle o\u00f9 vous pouvez acheter les T-shirts et autres goodies avec le sublime visuel AFR con\u00e7u par Fabrissou. Montrez \u00e0 tous votre amour pour votre \u00e9mission pr\u00e9f\u00e9r\u00e9e ! Faites \u00e0 un ami le meilleur cadeau d&rsquo;anniversaire de la terre ! Offrez \u00e0 votre b\u00e9b\u00e9 le [&hellip;]<\/p>\n","protected":false},"author":1,"featured_media":0,"parent":0,"menu_order":7,"comment_status":"open","ping_status":"open","template":"","meta":{"footnotes":""},"aioseo_notices":[],"_links":{"self":[{"href":"http:\/\/frenchspin.com\/afr\/wp-json\/wp\/v2\/pages\/937"}],"collection":[{"href":"http:\/\/frenchspin.com\/afr\/wp-json\/wp\/v2\/pages"}],"about":[{"href":"http:\/\/frenchspin.com\/afr\/wp-json\/wp\/v2\/types\/page"}],"author":[{"embeddable":true,"href":"http:\/\/frenchspin.com\/afr\/wp-json\/wp\/v2\/users\/1"}],"replies":[{"embeddable":true,"href":"http:\/\/frenchspin.com\/afr\/wp-json\/wp\/v2\/comments?post=937"}],"version-history":[{"count":0,"href":"http:\/\/frenchspin.com\/afr\/wp-json\/wp\/v2\/pages\/937\/revisions"}],"wp:attachment":[{"href":"http:\/\/frenchspin.com\/afr\/wp-json\/wp\/v2\/media?parent=937"}],"curies":[{"name":"wp","href":"https:\/\/api.w.org\/{rel}","templated":true}]}}