{"id":1956,"date":"2010-04-26T23:04:55","date_gmt":"2010-04-26T22:04:55","guid":{"rendered":"http:\/\/frenchspin.com\/afr\/?page_id=1956"},"modified":"2010-05-31T02:28:17","modified_gmt":"2010-05-31T01:28:17","slug":"coups-de-pouce","status":"publish","type":"page","link":"https:\/\/frenchspin.com\/afr\/grblrbll-faq-et-infos\/coups-de-pouce\/","title":{"rendered":"Coups de pouce"},"content":{"rendered":"<h4><span style=\"color: #ffcc99;\"><strong>Depuis mars 2010, nous donnons dans certains \u00e9pisodes un \u00ab\u00a0coup de pouce\u00a0\u00bb aux sites qui nous en font la demande et que nous consid\u00e9rons de bonne qualit\u00e9. Ci-dessous, vous pouvez retrouver la liste de tous ces sites dont nous vous avons parl\u00e9 (du plus r\u00e9cent au plus ancien coup de pouce).<\/strong><\/span><br \/>\n<img loading=\"lazy\" decoding=\"async\" class=\"alignleft size-full wp-image-161\" title=\"ligne\" src=\"http:\/\/frenchspin.com\/afr\/blog\/wp-content\/uploads\/2008\/09\/ligne.gif\" alt=\"ligne\" width=\"539\" height=\"51\" srcset=\"https:\/\/frenchspin.com\/afr\/blog\/wp-content\/uploads\/2008\/09\/ligne.gif 539w, https:\/\/frenchspin.com\/afr\/blog\/wp-content\/uploads\/2008\/09\/ligne-300x28.gif 300w\" sizes=\"(max-width: 539px) 100vw, 539px\" \/><\/h4>\n<ul>\n<li><a href=\"http:\/\/www.mamytwink.com\/\" target=\"_blank\">Mamytwink.com<\/a> &#8212; Vous \u00eates \u00e0 la recherche d&rsquo;un blog alliant informations utiles et pragmatiques avec voyages po\u00e9tiques dans le monde de World of Warcraft ? Mamytwink vous offre r\u00e9guli\u00e8rement des articles de qualit\u00e9 vous permettant de (re)d\u00e9couvrir le monde d&rsquo;Azeroth.<\/li>\n<li><a href=\"http:\/\/www.abandonware-france.org\/\" target=\"_blank\">LTF Abandonware France<\/a> &#8212; LE site francophone des abandonwares (jeux qui ne sont plus commercialis\u00e9s depuis longtemps). Retrouvez nombre de ces jeux ainsi qu&rsquo;une large communaut\u00e9 de \u00ab\u00a0r\u00e9tro-gamers\u00a0\u00bb et profitez de votre passage sur le site pour \u00e9couter Azeroth.fr sur la <a href=\"http:\/\/www.abandonware-france.org\/ltf_radio\/ltf_radio.php\">LTF Radio<\/a> !<\/li>\n<\/ul>\n","protected":false},"excerpt":{"rendered":"<p>Depuis mars 2010, nous donnons dans certains \u00e9pisodes un \u00ab\u00a0coup de pouce\u00a0\u00bb aux sites qui nous en font la demande et que nous consid\u00e9rons de bonne qualit\u00e9. Ci-dessous, vous pouvez retrouver la liste de tous ces sites dont nous vous avons parl\u00e9 (du plus r\u00e9cent au plus ancien coup de pouce). Mamytwink.com &#8212; Vous \u00eates [&hellip;]<\/p>\n","protected":false},"author":5,"featured_media":0,"parent":145,"menu_order":4,"comment_status":"open","ping_status":"open","template":"","meta":{"footnotes":""},"aioseo_notices":[],"_links":{"self":[{"href":"https:\/\/frenchspin.com\/afr\/wp-json\/wp\/v2\/pages\/1956"}],"collection":[{"href":"https:\/\/frenchspin.com\/afr\/wp-json\/wp\/v2\/pages"}],"about":[{"href":"https:\/\/frenchspin.com\/afr\/wp-json\/wp\/v2\/types\/page"}],"author":[{"embeddable":true,"href":"https:\/\/frenchspin.com\/afr\/wp-json\/wp\/v2\/users\/5"}],"replies":[{"embeddable":true,"href":"https:\/\/frenchspin.com\/afr\/wp-json\/wp\/v2\/comments?post=1956"}],"version-history":[{"count":0,"href":"https:\/\/frenchspin.com\/afr\/wp-json\/wp\/v2\/pages\/1956\/revisions"}],"up":[{"embeddable":true,"href":"https:\/\/frenchspin.com\/afr\/wp-json\/wp\/v2\/pages\/145"}],"wp:attachment":[{"href":"https:\/\/frenchspin.com\/afr\/wp-json\/wp\/v2\/media?parent=1956"}],"curies":[{"name":"wp","href":"https:\/\/api.w.org\/{rel}","templated":true}]}}