{"id":1998,"date":"2010-04-28T17:21:00","date_gmt":"2010-04-28T16:21:00","guid":{"rendered":"http:\/\/frenchspin.com\/afr\/?page_id=1998"},"modified":"2010-04-28T17:21:13","modified_gmt":"2010-04-28T16:21:13","slug":"macro-pour-mettre-facilement-un-symbole-sur-une-cible","status":"publish","type":"page","link":"https:\/\/frenchspin.com\/afr\/macro-pour-mettre-facilement-un-symbole-sur-une-cible\/","title":{"rendered":"Macro pour mettre facilement un symbole sur une cible (AFR #44)"},"content":{"rendered":"<p><strong><span style=\"color: #ffcc99;\">Voici la macro propos\u00e9e dans le Devenir pro de l&rsquo;\u00e9pisode #44 d&rsquo;avril 2010.<\/span><\/strong><\/p>\n<p style=\"text-align: center;\"><img loading=\"lazy\" decoding=\"async\" class=\"size-full wp-image-161 aligncenter\" title=\"ligne\" src=\"http:\/\/frenchspin.com\/afr\/blog\/wp-content\/uploads\/2008\/09\/ligne.gif\" alt=\"ligne\" width=\"539\" height=\"51\" srcset=\"https:\/\/frenchspin.com\/afr\/blog\/wp-content\/uploads\/2008\/09\/ligne.gif 539w, https:\/\/frenchspin.com\/afr\/blog\/wp-content\/uploads\/2008\/09\/ligne-300x28.gif 300w\" sizes=\"(max-width: 539px) 100vw, 539px\" \/><\/p>\n<p>Cette macro permet d&rsquo;assigner un symbole \u00e0 une cible sans devoir chercher dans le menu \u00ab\u00a0clic droit\u00a0\u00bb sur le portrait. Il vous suffit donc de cibler et de cliquer sur le bouton de la macro.<\/p>\n<p>La version simple de la macro est celle-ci :<\/p>\n<blockquote>\n<pre>\/run SetRaidTarget(\"target\",X)\r\navec X un chiffre de 0 \u00e0 8<\/pre>\n<\/blockquote>\n<p>Le chiffre correspond au symbole que vous souhaitez appliquer sur la cible dans l&rsquo;ordre dans lequel les symboles s&rsquo;affiche dans le menu \u00ab\u00a0clic droit\u00a0\u00bb sur le portrait.<\/p>\n<p>Une utilisation plus judicieuse de cette macro peut \u00eatre de la coupler avec un sort d&rsquo;engagement pour un tank (ou pour un DPS si le tank est une buse) :<\/p>\n<blockquote>\n<pre>#showtooltip Charge\r\n\/run SetRaidTarget(\"target\", X);\r\n\/cast Charge<\/pre>\n<\/blockquote>\n<p>Le #showtooltip permet d&rsquo;afficher la bulle d&rsquo;aide de la Charge ainsi que son cooldown.<\/p>\n<p>Petite astuce si vous devenez un v\u00e9ritable pro du tanking, vous pourrez associer la macro suivante \u00e0 un raccourci clavier ou un raccourci souris :<\/p>\n<blockquote>\n<pre>\/run SetRaidTarget(\"mouseover\", X)<\/pre>\n<\/blockquote>\n<p>Elle vous permet de mettre un ic\u00f4ne \u00e0 la cible qui est actuellement survol\u00e9e par votre souris, d&rsquo;o\u00f9 l&rsquo;importance de mettre cette derni\u00e8re macro en raccourci clavier\/souris. Vous allez gagner beaucoup de temps \u00e0 ne pas devoir d\u00e9-cibler votre cible actuelle (surtout si vous \u00eates dans une situation difficile et qu&rsquo;il faut absolument mettre un signe pour un sheep par exemple).<\/p>\n<p>Enfin, en \u00ab\u00a0cadeau bonux\u00a0\u00bb, voici le code tr\u00e8s simple pour ins\u00e9rer des symboles directement dans la fen\u00eatre de chat : il vous suffit de taper le code suivant (que ce soit en chat dire, crier, groupe, raid, commerce, etc.)<\/p>\n<blockquote>\n<pre>{rtX}\r\navec X un chiffre et 1 \u00e0 8<\/pre>\n<\/blockquote>\n<p>Si vous pensez que cette explication m\u00e9rite un compl\u00e9ment d&rsquo;informations, n&rsquo;h\u00e9sitez pas \u00e0 nous le faire remarquer dans les commentaires de l&rsquo;<a href=\"http:\/\/frenchspin.com\/afr\/2010\/04\/28\/afr-44-il-manque-quelque-chose\/\">article de l&rsquo;\u00e9pisode #44<\/a>, sur <a href=\"http:\/\/www.frenchspin.com\/forumfr\/\">le forum<\/a> ou par mail \u00e0 afr {at} frenchspin {point} com<\/p>\n","protected":false},"excerpt":{"rendered":"<p>Voici la macro propos\u00e9e dans le Devenir pro de l&rsquo;\u00e9pisode #44 d&rsquo;avril 2010. Cette macro permet d&rsquo;assigner un symbole \u00e0 une cible sans devoir chercher dans le menu \u00ab\u00a0clic droit\u00a0\u00bb sur le portrait. Il vous suffit donc de cibler et de cliquer sur le bouton de la macro. La version simple de la macro est [&hellip;]<\/p>\n","protected":false},"author":5,"featured_media":0,"parent":0,"menu_order":0,"comment_status":"open","ping_status":"open","template":"","meta":{"footnotes":""},"aioseo_notices":[],"_links":{"self":[{"href":"https:\/\/frenchspin.com\/afr\/wp-json\/wp\/v2\/pages\/1998"}],"collection":[{"href":"https:\/\/frenchspin.com\/afr\/wp-json\/wp\/v2\/pages"}],"about":[{"href":"https:\/\/frenchspin.com\/afr\/wp-json\/wp\/v2\/types\/page"}],"author":[{"embeddable":true,"href":"https:\/\/frenchspin.com\/afr\/wp-json\/wp\/v2\/users\/5"}],"replies":[{"embeddable":true,"href":"https:\/\/frenchspin.com\/afr\/wp-json\/wp\/v2\/comments?post=1998"}],"version-history":[{"count":0,"href":"https:\/\/frenchspin.com\/afr\/wp-json\/wp\/v2\/pages\/1998\/revisions"}],"wp:attachment":[{"href":"https:\/\/frenchspin.com\/afr\/wp-json\/wp\/v2\/media?parent=1998"}],"curies":[{"name":"wp","href":"https:\/\/api.w.org\/{rel}","templated":true}]}}