{"id":213,"date":"2008-09-22T18:13:58","date_gmt":"2008-09-22T16:13:58","guid":{"rendered":"http:\/\/www.azeroth.fr\/blog\/?page_id=213"},"modified":"2010-01-21T18:47:35","modified_gmt":"2010-01-21T17:47:35","slug":"contact-et-forum","status":"publish","type":"page","link":"https:\/\/frenchspin.com\/afr\/contact-et-forum\/","title":{"rendered":"Contact et forum"},"content":{"rendered":"<p style=\"text-align: justify;\"><strong><span style=\"color: #ff6600;\">L&rsquo;adresse \u00e0 utiliser pour nous contacter est la suivante :<\/span><\/strong><\/p>\n<p style=\"text-align: center;\">afr {at} frenchspin {point} com<\/p>\n<p><span style=\"color: #ffcc99;\"><span class=\"beige\">NB: Ce sont Alexandre et Florent qui ont maintenant acc\u00e8s \u00e0 cette adresse, merci donc de ne pas nous envoyer les messages s&rsquo;adressant \u00e0 Patrick. Si vous souhaitez contacter Patrick, merci d&rsquo;aller sur son twitter : <a href=\"http:\/\/twitter.com\/notpatrick\">http:\/\/twitter.com\/notpatrick<\/a><\/span><\/span><\/p>\n<p style=\"text-align: center;\"><img loading=\"lazy\" decoding=\"async\" class=\"aligncenter size-full wp-image-161\" src=\"http:\/\/www.frenchspin.com\/afr\/blog\/wp-content\/themes\/azeroth\/images\/ligne.gif\" alt=\"\" width=\"524\" height=\"27\" \/><\/p>\n<p style=\"text-align: left;\"><strong><span style=\"color: #ff6600;\">Pour discuter avec les membres de notre communaut\u00e9, rendez-vous sur :<\/span><\/strong><\/p>\n<p style=\"text-align: center;\"><a href=\"http:\/\/www.frenchspin.com\/forumfr\"><img loading=\"lazy\" decoding=\"async\" class=\"aligncenter size-full wp-image-773\" title=\"Aller sur les forums\" src=\"http:\/\/www.azeroth.fr\/blog\/wp-content\/uploads\/2008\/10\/mtforumfr1.gif\" alt=\"\" width=\"100\" height=\"48\" \/><\/a>Les forums fran\u00e7ais de Frenchspin<\/p>\n<p style=\"text-align: center;\"><img loading=\"lazy\" decoding=\"async\" class=\"aligncenter size-full wp-image-161\" src=\"http:\/\/www.frenchspin.com\/afr\/blog\/wp-content\/themes\/azeroth\/images\/ligne.gif\" alt=\"\" width=\"524\" height=\"27\" \/><\/p>\n","protected":false},"excerpt":{"rendered":"<p>L&rsquo;adresse \u00e0 utiliser pour nous contacter est la suivante : afr {at} frenchspin {point} com NB: Ce sont Alexandre et Florent qui ont maintenant acc\u00e8s \u00e0 cette adresse, merci donc de ne pas nous envoyer les messages s&rsquo;adressant \u00e0 Patrick. Si vous souhaitez contacter Patrick, merci d&rsquo;aller sur son twitter : http:\/\/twitter.com\/notpatrick Pour discuter avec [&hellip;]<\/p>\n","protected":false},"author":1,"featured_media":0,"parent":0,"menu_order":10,"comment_status":"open","ping_status":"open","template":"","meta":{"footnotes":""},"aioseo_notices":[],"_links":{"self":[{"href":"https:\/\/frenchspin.com\/afr\/wp-json\/wp\/v2\/pages\/213"}],"collection":[{"href":"https:\/\/frenchspin.com\/afr\/wp-json\/wp\/v2\/pages"}],"about":[{"href":"https:\/\/frenchspin.com\/afr\/wp-json\/wp\/v2\/types\/page"}],"author":[{"embeddable":true,"href":"https:\/\/frenchspin.com\/afr\/wp-json\/wp\/v2\/users\/1"}],"replies":[{"embeddable":true,"href":"https:\/\/frenchspin.com\/afr\/wp-json\/wp\/v2\/comments?post=213"}],"version-history":[{"count":0,"href":"https:\/\/frenchspin.com\/afr\/wp-json\/wp\/v2\/pages\/213\/revisions"}],"wp:attachment":[{"href":"https:\/\/frenchspin.com\/afr\/wp-json\/wp\/v2\/media?parent=213"}],"curies":[{"name":"wp","href":"https:\/\/api.w.org\/{rel}","templated":true}]}}