{"id":219,"date":"2008-09-22T18:17:43","date_gmt":"2008-09-22T16:17:43","guid":{"rendered":"http:\/\/www.azeroth.fr\/blog\/?page_id=219"},"modified":"2011-12-08T21:58:36","modified_gmt":"2011-12-08T20:58:36","slug":"autres-podcasts-et-sites-utiles","status":"publish","type":"page","link":"https:\/\/frenchspin.com\/afr\/grblrbll-faq-et-infos\/autres-podcasts-et-sites-utiles\/","title":{"rendered":"Autres podcasts et sites"},"content":{"rendered":"<p>&nbsp;<\/p>\n<p style=\"font-size: 13px; text-align: left;\"><span style=\"color: #ffcc99;\"><strong>Les podcasts \u00e0 essayer absolument:<\/strong><\/span><strong> <\/strong><\/p>\n<p style=\"text-align: left;\"><span style=\"color: #ffcc99;\">En audio<br \/>\n<\/span><\/p>\n<p>&#8211; <a href=\"http:\/\/www.wowtaku.fr\/\">WoWTaku<\/a> : <span style=\"color: #800080;\"><strong>En fran\u00e7ais !<\/strong><\/span> L&rsquo;autre r\u00e9f\u00e9rence des podcasts francophone sur WoW, plus orient\u00e9 RP et \u00ab\u00a0r\u00e9dactionnel\u00a0\u00bb.<br \/>\n&#8211; <a href=\"http:\/\/bandedenoobs.com\/\" target=\"_blank\">Bande de Noobs<\/a> : <span style=\"color: #800080;\"><strong>En fran\u00e7ais !<\/strong><\/span> Un autre podcast fran\u00e7ais sur WoW, anim\u00e9 par notre ami Yann.<br \/>\n&#8211; <a href=\"http:\/\/www.howiwow.org\/\" target=\"_blank\">How I Wow<\/a> : Un podcast wow \u00ab\u00a0diff\u00e9rent\u00a0\u00bb, anim\u00e9 par Patrick et Shawn.<br \/>\n&#8211; <a href=\"http:\/\/www.myextralife.com\/wow\/\" target=\"_blank\">The Instance<\/a> : Infos g\u00e9n\u00e9rales sur WoW. Hebdomadaire et tr\u00e8s r\u00e9gulier.<br \/>\n&#8211; <a href=\"http:\/\/www.virginworlds.com\/home.php\" target=\"_blank\">Virgin Worlds<\/a> : Infos sur les MMORPG en g\u00e9n\u00e9ral, et un collectif de podcasts.<\/p>\n<p><span style=\"color: #ffcc99;\">En vid\u00e9o<\/span><\/p>\n<p>&#8211; <a href=\"http:\/\/revision3.com\/coop\/\" target=\"_blank\">Co-op<\/a> : LE podcast vid\u00e9o de jeux. Belles images et discussions int\u00e9ressantes.<br \/>\n&#8211; <a href=\"http:\/\/www.totallyradshow.com\/\" target=\"_blank\">Totally Rad Show<\/a> : Trois potes parlent des films, jeux, s\u00e9ries t\u00e9l\u00e9 et BDs de la semaine.<br \/>\n&#8211; <a href=\"http:\/\/www.gamekult.com\/tout\/coverage\/fil\/GP00084\/\" target=\"_blank\">Gamekult, l&rsquo;\u00e9mission<\/a> : <span style=\"color: #800080;\"><strong>En fran\u00e7ais !<\/strong><\/span> L&rsquo;\u00e9mission hebdomadaire sur les jeux vid\u00e9os.<\/p>\n<p style=\"text-align: center;\"><img loading=\"lazy\" decoding=\"async\" class=\"aligncenter size-full wp-image-161\" src=\"http:\/\/www.frenchspin.com\/afr\/blog\/wp-content\/themes\/azeroth\/images\/ligne.gif\" alt=\"\" width=\"524\" height=\"27\" \/><\/p>\n<p><strong><span style=\"color: #ffcc99;\">Sites utiles les plus \u201cwowesques\u201d !<\/span><\/strong><\/p>\n<p>&#8211; <a href=\"http:\/\/worldofwarcraft.judgehype.com\/\" target=\"_blank\">Judgehype<\/a> : Le meilleur site d&rsquo;information francophone (belge!) sur WoW.<br \/>\n&#8211; <a href=\"http:\/\/www.wowhead.com\/\" target=\"_blank\">Wowhead<\/a> : Un site de base de donn\u00e9e sur WoW <span style=\"color: #800080;\">en fran\u00e7ais<\/span>, tr\u00e8s pratique et tr\u00e8s complet.<br \/>\n&#8211; <a href=\"http:\/\/www.warcraftmovies.com\/\" target=\"_blank\">Warcraft Movies<\/a> : Archives de vid\u00e9os sur&#8230; WoW (sans blague?)<br \/>\n&#8211; <a href=\"http:\/\/wowui.incgamers.com\/\" target=\"_blank\">INCgamers<\/a> et <a href=\"http:\/\/wow.curse.com\/downloads\/addons\/\" target=\"_blank\">Curse-Gaming mods<\/a> : Archives de mods (add-ons), en anglais.<\/p>\n<p style=\"text-align: center;\"><img loading=\"lazy\" decoding=\"async\" class=\"aligncenter size-full wp-image-161\" src=\"http:\/\/www.frenchspin.com\/afr\/blog\/wp-content\/themes\/azeroth\/images\/ligne.gif\" alt=\"\" width=\"524\" height=\"27\" \/><\/p>\n<p><strong><span style=\"color: #ffcc99;\">Sites officiels, information, etc.<\/span><\/strong><\/p>\n<p>&#8211; <a href=\"http:\/\/www.wow-europe.com\/fr\/\" target=\"_blank\">WoW-Europe<\/a> : Site officiel du jeu World of Warcraft.<br \/>\n&#8211; <a href=\"https:\/\/eu.battle.net\/account\/creation\/wow\/signup\/\" target=\"_blank\">Essai du jeu<\/a> : T\u00e9l\u00e9chargez une d\u00e9mo gratuite donnant droit \u00e0 10 jours de jeu.<br \/>\n&#8211; <a href=\"http:\/\/fr.wikipedia.org\/wiki\/Podcast\" target=\"_blank\">Un podquoi <\/a>? Un article qui vous expliquera sommairement ce qu&rsquo;est un podcast.<br \/>\n&#8211; <a href=\"http:\/\/www.apple.com\/fr\/itunes\/podcasts\/\" target=\"_blank\">Logiciel iTunes<\/a> : Id\u00e9al pour trouver et s&rsquo;abonner \u00e0 diff\u00e9rents podcasts.<\/p>\n<p style=\"text-align: center;\">\n","protected":false},"excerpt":{"rendered":"<p>&nbsp; Les podcasts \u00e0 essayer absolument: En audio &#8211; WoWTaku : En fran\u00e7ais ! L&rsquo;autre r\u00e9f\u00e9rence des podcasts francophone sur WoW, plus orient\u00e9 RP et \u00ab\u00a0r\u00e9dactionnel\u00a0\u00bb. &#8211; Bande de Noobs : En fran\u00e7ais ! Un autre podcast fran\u00e7ais sur WoW, anim\u00e9 par notre ami Yann. &#8211; How I Wow : Un podcast wow \u00ab\u00a0diff\u00e9rent\u00a0\u00bb, anim\u00e9 [&hellip;]<\/p>\n","protected":false},"author":1,"featured_media":0,"parent":145,"menu_order":3,"comment_status":"open","ping_status":"open","template":"","meta":{"footnotes":""},"aioseo_notices":[],"_links":{"self":[{"href":"https:\/\/frenchspin.com\/afr\/wp-json\/wp\/v2\/pages\/219"}],"collection":[{"href":"https:\/\/frenchspin.com\/afr\/wp-json\/wp\/v2\/pages"}],"about":[{"href":"https:\/\/frenchspin.com\/afr\/wp-json\/wp\/v2\/types\/page"}],"author":[{"embeddable":true,"href":"https:\/\/frenchspin.com\/afr\/wp-json\/wp\/v2\/users\/1"}],"replies":[{"embeddable":true,"href":"https:\/\/frenchspin.com\/afr\/wp-json\/wp\/v2\/comments?post=219"}],"version-history":[{"count":0,"href":"https:\/\/frenchspin.com\/afr\/wp-json\/wp\/v2\/pages\/219\/revisions"}],"up":[{"embeddable":true,"href":"https:\/\/frenchspin.com\/afr\/wp-json\/wp\/v2\/pages\/145"}],"wp:attachment":[{"href":"https:\/\/frenchspin.com\/afr\/wp-json\/wp\/v2\/media?parent=219"}],"curies":[{"name":"wp","href":"https:\/\/api.w.org\/{rel}","templated":true}]}}