{"id":368,"date":"2008-09-23T01:35:42","date_gmt":"2008-09-22T23:35:42","guid":{"rendered":"http:\/\/www.azeroth.fr\/blog\/?page_id=368"},"modified":"2010-01-21T18:43:05","modified_gmt":"2010-01-21T17:43:05","slug":"a-propos","status":"publish","type":"page","link":"https:\/\/frenchspin.com\/afr\/a-propos\/","title":{"rendered":"A propos"},"content":{"rendered":"<p><span style=\"color: #ffcc99;\">Bienvenue sur <span style=\"color: #800080;\"><span class=\"Style1\">Azeroth.fr<\/span><\/span>, le podcast fran\u00e7ais consacr\u00e9 au jeu <span style=\"color: #800080;\">World of Warcraft<\/span> !<\/span><\/p>\n<p><span style=\"color: #ffcc99;\"><span class=\"beige chapo\">Chaque mois, nous vous offrons une heure de d\u00e9tente, d&rsquo;infos et de conseils sur ce jeu l\u00e9gendaire. Que vous soyez dans le m\u00e9tro, au bureau, ou m\u00eame en cours \u00e0 faire semblant de bosser, Azeroth.fr est l\u00e0 pour vous transporter ailleurs&#8230;<\/span><\/span><\/p>\n<p style=\"text-align: center;\"><img loading=\"lazy\" decoding=\"async\" class=\"aligncenter size-full wp-image-161\" src=\"http:\/\/www.azeroth.fr\/blog\/wp-content\/themes\/azeroth\/images\/ligne.gif\" alt=\"\" width=\"524\" height=\"27\" \/><\/p>\n<p style=\"text-align: center;\">\n<ul>\n<li>Plongez d\u00e8s maintenant dans le merveilleux monde des podcasts avec <a href=\"http:\/\/www.azeroth.fr\/azerothrss.xml\">le flux RSS<\/a> !<\/li>\n<li>Si vous ne savez pas ce qu&rsquo;est un podcast, allez lire <a href=\"http:\/\/www.frenchspin.com\/afr\/blog\/grblrbll-faq-et-infos\/podcast-mode-demploi\/\">notre guide<\/a> !<\/li>\n<li>Pour apprendre plus sur l&rsquo;\u00e9mission, voici le <a href=\"http:\/\/www.frenchspin.com\/afr\/blog\/grblrbll-faq-et-infos\/\">FAQ g\u00e9n\u00e9ral<\/a> !<\/li>\n<li>Pour tout savoir sur les animateurs, dirigez vous vers la <a href=\"http:\/\/www.frenchspin.com\/afr\/blog\/grblrbll-faq-et-infos\/les-animateurs\/\">page qui leur est consacr\u00e9e<\/a> !<\/li>\n<\/ul>\n<p>A tr\u00e8s vite dans l&rsquo;\u00e9mission&#8230;<\/p>\n","protected":false},"excerpt":{"rendered":"<p>Bienvenue sur Azeroth.fr, le podcast fran\u00e7ais consacr\u00e9 au jeu World of Warcraft ! Chaque mois, nous vous offrons une heure de d\u00e9tente, d&rsquo;infos et de conseils sur ce jeu l\u00e9gendaire. Que vous soyez dans le m\u00e9tro, au bureau, ou m\u00eame en cours \u00e0 faire semblant de bosser, Azeroth.fr est l\u00e0 pour vous transporter ailleurs&#8230; Plongez [&hellip;]<\/p>\n","protected":false},"author":1,"featured_media":0,"parent":0,"menu_order":0,"comment_status":"open","ping_status":"open","template":"","meta":{"footnotes":""},"aioseo_notices":[],"_links":{"self":[{"href":"https:\/\/frenchspin.com\/afr\/wp-json\/wp\/v2\/pages\/368"}],"collection":[{"href":"https:\/\/frenchspin.com\/afr\/wp-json\/wp\/v2\/pages"}],"about":[{"href":"https:\/\/frenchspin.com\/afr\/wp-json\/wp\/v2\/types\/page"}],"author":[{"embeddable":true,"href":"https:\/\/frenchspin.com\/afr\/wp-json\/wp\/v2\/users\/1"}],"replies":[{"embeddable":true,"href":"https:\/\/frenchspin.com\/afr\/wp-json\/wp\/v2\/comments?post=368"}],"version-history":[{"count":0,"href":"https:\/\/frenchspin.com\/afr\/wp-json\/wp\/v2\/pages\/368\/revisions"}],"wp:attachment":[{"href":"https:\/\/frenchspin.com\/afr\/wp-json\/wp\/v2\/media?parent=368"}],"curies":[{"name":"wp","href":"https:\/\/api.w.org\/{rel}","templated":true}]}}